{"id":701,"date":"2019-04-06T13:15:49","date_gmt":"2019-04-06T10:15:49","guid":{"rendered":"https:\/\/panka-academy.info\/panka\/?page_id=701"},"modified":"2019-04-06T13:15:49","modified_gmt":"2019-04-06T10:15:49","slug":"panka-akatemia","status":"publish","type":"page","link":"https:\/\/panka-academy.online\/panka\/panka-akatemia\/","title":{"rendered":"Panka Akatemia"},"content":{"rendered":"<h3>KANSAINV\u00c4LINEN KOULU<\/h3>\n<p>Panka Akatemia on osa Panka Keskusta, joka sijaitsee Pankaj\u00e4rven rannalla, Pielaveden kunnassa, Kuopion l\u00e4hell\u00e4. Panka Akatemiassa 13-17-vuotiaat nuoret voivat keskitty\u00e4 t\u00e4yspainoisesti kansainv\u00e4listen ongelmien ja haasteiden tutkimiseen ja ratkomiseen. Yhteisty\u00f6verkostojemme kautta voimme vaikuttaa p\u00e4\u00e4tt\u00e4jiin ymp\u00e4ri maailman. Panka Akatemia tarjoaa 80 opiskelijapaikkaa sek\u00e4 suomalaisille ett\u00e4 ulkomaisille nuorille.<\/p>\n<h3>AINUTLAATUINEN MAHDOLLISUUS<\/h3>\n<p>Nuorille on hyvin v\u00e4h\u00e4n mahdollisuuksia osallistua maailman ongelmien tai edes paikallisten asioiden ratkomiseen. Panka Akatemiassa me uskomme nuorten kykyyn ja haluun vaikuttaa maailman asioihin.<\/p>\n<h3>PARAS OPINTOVUOSI<\/h3>\n<p>Panka Akatemia on erinomainen mahdollisuus viett\u00e4\u00e4 mielek\u00e4s ja vaikuttava vuosi muiden opintojen v\u00e4liss\u00e4 tai niiden osana. Teemme tiivist\u00e4 yhteisty\u00f6t\u00e4 paikallisen Pielaveden lukion kanssa ja peruskoululaisille tarjoamme mahdollisuuden suorittaa oppivelvollisuutta osana Panka Akatemian opintoja. Ty\u00f6skentely Panka Akatemiassa sis\u00e4lt\u00e4\u00e4 maailmanlaajuisten ongelmien valikointia, tutkimista, ratkaisujen etsimist\u00e4, suunnittelua, monipuolista keskustelua, v\u00e4ittely\u00e4 ja yhteisty\u00f6t\u00e4 Akatemian henkil\u00f6kunnan kanssa. K\u00e4yt\u00e4mme runsaasti my\u00f6s ulkopuolisten asiantuntijoiden apua ja teemme opintomatkoja.<\/p>\n<p>&nbsp;<\/p>\n","protected":false},"excerpt":{"rendered":"<p>KANSAINV\u00c4LINEN KOULU Panka Akatemia on osa Panka Keskusta, joka sijaitsee Pankaj\u00e4rven rannalla, Pielaveden kunnassa, Kuopion l\u00e4hell\u00e4. Panka Akatemiassa 13-17-vuotiaat nuoret voivat keskitty\u00e4 t\u00e4yspainoisesti kansainv\u00e4listen ongelmien ja haasteiden tutkimiseen ja ratkomiseen. Yhteisty\u00f6verkostojemme kautta voimme vaikuttaa p\u00e4\u00e4tt\u00e4jiin ymp\u00e4ri maailman. Panka Akatemia tarjoaa 80 opiskelijapaikkaa sek\u00e4 suomalaisille ett\u00e4 ulkomaisille nuorille. AINUTLAATUINEN MAHDOLLISUUS Nuorille on hyvin v\u00e4h\u00e4n mahdollisuuksia osallistua&hellip; <br \/> <a class=\"read-more\" href=\"https:\/\/panka-academy.online\/panka\/panka-akatemia\/\">Read more<\/a><\/p>\n","protected":false},"author":1,"featured_media":0,"parent":0,"menu_order":0,"comment_status":"closed","ping_status":"closed","template":"","meta":{"footnotes":""},"class_list":["post-701","page","type-page","status-publish","hentry"],"yoast_head":"<!-- This site is optimized with the Yoast SEO plugin v27.2 - https:\/\/yoast.com\/product\/yoast-seo-wordpress\/ -->\n<title>Panka Akatemia - Panka Academy<\/title>\n<meta name=\"robots\" content=\"index, follow, max-snippet:-1, max-image-preview:large, max-video-preview:-1\" \/>\n<link rel=\"canonical\" href=\"https:\/\/panka-academy.online\/panka\/panka-akatemia\/\" \/>\n<meta property=\"og:locale\" content=\"en_US\" \/>\n<meta property=\"og:type\" content=\"article\" \/>\n<meta property=\"og:title\" content=\"Panka Akatemia - Panka Academy\" \/>\n<meta property=\"og:description\" content=\"KANSAINV\u00c4LINEN KOULU Panka Akatemia on osa Panka Keskusta, joka sijaitsee Pankaj\u00e4rven rannalla, Pielaveden kunnassa, Kuopion l\u00e4hell\u00e4. Panka Akatemiassa 13-17-vuotiaat nuoret voivat keskitty\u00e4 t\u00e4yspainoisesti kansainv\u00e4listen ongelmien ja haasteiden tutkimiseen ja ratkomiseen. Yhteisty\u00f6verkostojemme kautta voimme vaikuttaa p\u00e4\u00e4tt\u00e4jiin ymp\u00e4ri maailman. Panka Akatemia tarjoaa 80 opiskelijapaikkaa sek\u00e4 suomalaisille ett\u00e4 ulkomaisille nuorille. AINUTLAATUINEN MAHDOLLISUUS Nuorille on hyvin v\u00e4h\u00e4n mahdollisuuksia osallistua&hellip; Read more\" \/>\n<meta property=\"og:url\" content=\"https:\/\/panka-academy.online\/panka\/panka-akatemia\/\" \/>\n<meta property=\"og:site_name\" content=\"Panka Academy\" \/>\n<meta property=\"og:image\" content=\"https:\/\/panka-academy.online\/panka\/wp-content\/uploads\/front_page_for_facebook_panka.jpg\" \/>\n\t<meta property=\"og:image:width\" content=\"932\" \/>\n\t<meta property=\"og:image:height\" content=\"481\" \/>\n\t<meta property=\"og:image:type\" content=\"image\/jpeg\" \/>\n<meta name=\"twitter:card\" content=\"summary_large_image\" \/>\n<meta name=\"twitter:label1\" content=\"Est. reading time\" \/>\n\t<meta name=\"twitter:data1\" content=\"1 minute\" \/>\n<script type=\"application\/ld+json\" class=\"yoast-schema-graph\">{\"@context\":\"https:\/\/schema.org\",\"@graph\":[{\"@type\":\"WebPage\",\"@id\":\"https:\/\/panka-academy.online\/panka\/panka-akatemia\/\",\"url\":\"https:\/\/panka-academy.online\/panka\/panka-akatemia\/\",\"name\":\"Panka Akatemia - Panka Academy\",\"isPartOf\":{\"@id\":\"https:\/\/panka-academy.online\/panka\/#website\"},\"datePublished\":\"2019-04-06T10:15:49+00:00\",\"breadcrumb\":{\"@id\":\"https:\/\/panka-academy.online\/panka\/panka-akatemia\/#breadcrumb\"},\"inLanguage\":\"en-US\",\"potentialAction\":[{\"@type\":\"ReadAction\",\"target\":[\"https:\/\/panka-academy.online\/panka\/panka-akatemia\/\"]}]},{\"@type\":\"BreadcrumbList\",\"@id\":\"https:\/\/panka-academy.online\/panka\/panka-akatemia\/#breadcrumb\",\"itemListElement\":[{\"@type\":\"ListItem\",\"position\":1,\"name\":\"Home\",\"item\":\"https:\/\/panka-academy.online\/panka\/\"},{\"@type\":\"ListItem\",\"position\":2,\"name\":\"Panka Akatemia\"}]},{\"@type\":\"WebSite\",\"@id\":\"https:\/\/panka-academy.online\/panka\/#website\",\"url\":\"https:\/\/panka-academy.online\/panka\/\",\"name\":\"Panka Academy\",\"description\":\"Center for Solving Global Challenges\",\"potentialAction\":[{\"@type\":\"SearchAction\",\"target\":{\"@type\":\"EntryPoint\",\"urlTemplate\":\"https:\/\/panka-academy.online\/panka\/?s={search_term_string}\"},\"query-input\":{\"@type\":\"PropertyValueSpecification\",\"valueRequired\":true,\"valueName\":\"search_term_string\"}}],\"inLanguage\":\"en-US\"}]}<\/script>\n<!-- \/ Yoast SEO plugin. -->","yoast_head_json":{"title":"Panka Akatemia - Panka Academy","robots":{"index":"index","follow":"follow","max-snippet":"max-snippet:-1","max-image-preview":"max-image-preview:large","max-video-preview":"max-video-preview:-1"},"canonical":"https:\/\/panka-academy.online\/panka\/panka-akatemia\/","og_locale":"en_US","og_type":"article","og_title":"Panka Akatemia - Panka Academy","og_description":"KANSAINV\u00c4LINEN KOULU Panka Akatemia on osa Panka Keskusta, joka sijaitsee Pankaj\u00e4rven rannalla, Pielaveden kunnassa, Kuopion l\u00e4hell\u00e4. Panka Akatemiassa 13-17-vuotiaat nuoret voivat keskitty\u00e4 t\u00e4yspainoisesti kansainv\u00e4listen ongelmien ja haasteiden tutkimiseen ja ratkomiseen. Yhteisty\u00f6verkostojemme kautta voimme vaikuttaa p\u00e4\u00e4tt\u00e4jiin ymp\u00e4ri maailman. Panka Akatemia tarjoaa 80 opiskelijapaikkaa sek\u00e4 suomalaisille ett\u00e4 ulkomaisille nuorille. AINUTLAATUINEN MAHDOLLISUUS Nuorille on hyvin v\u00e4h\u00e4n mahdollisuuksia osallistua&hellip; Read more","og_url":"https:\/\/panka-academy.online\/panka\/panka-akatemia\/","og_site_name":"Panka Academy","og_image":[{"width":932,"height":481,"url":"https:\/\/panka-academy.online\/panka\/wp-content\/uploads\/front_page_for_facebook_panka.jpg","type":"image\/jpeg"}],"twitter_card":"summary_large_image","twitter_misc":{"Est. reading time":"1 minute"},"schema":{"@context":"https:\/\/schema.org","@graph":[{"@type":"WebPage","@id":"https:\/\/panka-academy.online\/panka\/panka-akatemia\/","url":"https:\/\/panka-academy.online\/panka\/panka-akatemia\/","name":"Panka Akatemia - Panka Academy","isPartOf":{"@id":"https:\/\/panka-academy.online\/panka\/#website"},"datePublished":"2019-04-06T10:15:49+00:00","breadcrumb":{"@id":"https:\/\/panka-academy.online\/panka\/panka-akatemia\/#breadcrumb"},"inLanguage":"en-US","potentialAction":[{"@type":"ReadAction","target":["https:\/\/panka-academy.online\/panka\/panka-akatemia\/"]}]},{"@type":"BreadcrumbList","@id":"https:\/\/panka-academy.online\/panka\/panka-akatemia\/#breadcrumb","itemListElement":[{"@type":"ListItem","position":1,"name":"Home","item":"https:\/\/panka-academy.online\/panka\/"},{"@type":"ListItem","position":2,"name":"Panka Akatemia"}]},{"@type":"WebSite","@id":"https:\/\/panka-academy.online\/panka\/#website","url":"https:\/\/panka-academy.online\/panka\/","name":"Panka Academy","description":"Center for Solving Global Challenges","potentialAction":[{"@type":"SearchAction","target":{"@type":"EntryPoint","urlTemplate":"https:\/\/panka-academy.online\/panka\/?s={search_term_string}"},"query-input":{"@type":"PropertyValueSpecification","valueRequired":true,"valueName":"search_term_string"}}],"inLanguage":"en-US"}]}},"_links":{"self":[{"href":"https:\/\/panka-academy.online\/panka\/wp-json\/wp\/v2\/pages\/701","targetHints":{"allow":["GET"]}}],"collection":[{"href":"https:\/\/panka-academy.online\/panka\/wp-json\/wp\/v2\/pages"}],"about":[{"href":"https:\/\/panka-academy.online\/panka\/wp-json\/wp\/v2\/types\/page"}],"author":[{"embeddable":true,"href":"https:\/\/panka-academy.online\/panka\/wp-json\/wp\/v2\/users\/1"}],"replies":[{"embeddable":true,"href":"https:\/\/panka-academy.online\/panka\/wp-json\/wp\/v2\/comments?post=701"}],"version-history":[{"count":1,"href":"https:\/\/panka-academy.online\/panka\/wp-json\/wp\/v2\/pages\/701\/revisions"}],"predecessor-version":[{"id":702,"href":"https:\/\/panka-academy.online\/panka\/wp-json\/wp\/v2\/pages\/701\/revisions\/702"}],"wp:attachment":[{"href":"https:\/\/panka-academy.online\/panka\/wp-json\/wp\/v2\/media?parent=701"}],"curies":[{"name":"wp","href":"https:\/\/api.w.org\/{rel}","templated":true}]}}